{"id":7,"date":"2023-10-29T20:20:09","date_gmt":"2023-10-29T19:20:09","guid":{"rendered":"https:\/\/brouwerijhersbach.com\/over\/"},"modified":"2026-03-25T19:56:57","modified_gmt":"2026-03-25T18:56:57","slug":"over","status":"publish","type":"page","link":"https:\/\/brouwerijhersbach.com\/en\/over\/","title":{"rendered":"About Brouwerij Hersbach"},"content":{"rendered":"<div class=\"wp-block-columns is-layout-flex wp-container-core-columns-is-layout-7387b849 wp-block-columns-is-layout-flex\">\n<div class=\"wp-block-column is-layout-flow wp-block-column-is-layout-flow\" style=\"flex-basis:90%\">\n<p class=\"has-text-align-left wp-block-paragraph\">Vele hobbybrouwers herkennen dit vast wel. Je begint met het brouwen van je eerste biertje. Deze smaakt best aardig maar het kan beter. Je zoekt op internet naar een manier om je brouwsel de volgende keer nog beter te maken. Ondertussen besluit je de spaarcentjes te gebruiken voor een nieuwe ketel. De hobby wordt langzamerhand een passie die grenst aan een obsessie. Zo is het bij mij ook gegaan. <\/p>\n<\/div>\n\n\n\n<div class=\"wp-block-column is-vertically-aligned-center is-layout-flow wp-block-column-is-layout-flow\" style=\"flex-basis:50%\">\n<figure class=\"wp-block-image size-full is-resized\"><img data-recalc-dims=\"1\" loading=\"lazy\" decoding=\"async\" width=\"750\" height=\"1000\" data-attachment-id=\"3120\" data-permalink=\"https:\/\/brouwerijhersbach.com\/en\/over\/img-20260123-wa0080\/\" data-orig-file=\"https:\/\/i0.wp.com\/brouwerijhersbach.com\/wp-content\/uploads\/2023\/10\/IMG-20260123-WA0080.jpg?fit=1536%2C2048&amp;ssl=1\" data-orig-size=\"1536,2048\" data-comments-opened=\"1\" data-image-meta=\"{&quot;aperture&quot;:&quot;0&quot;,&quot;credit&quot;:&quot;&quot;,&quot;camera&quot;:&quot;&quot;,&quot;caption&quot;:&quot;&quot;,&quot;created_timestamp&quot;:&quot;0&quot;,&quot;copyright&quot;:&quot;&quot;,&quot;focal_length&quot;:&quot;0&quot;,&quot;iso&quot;:&quot;0&quot;,&quot;shutter_speed&quot;:&quot;0&quot;,&quot;title&quot;:&quot;&quot;,&quot;orientation&quot;:&quot;0&quot;}\" data-image-title=\"IMG-20260123-WA0080\" data-image-description=\"\" data-image-caption=\"\" data-large-file=\"https:\/\/i0.wp.com\/brouwerijhersbach.com\/wp-content\/uploads\/2023\/10\/IMG-20260123-WA0080.jpg?fit=750%2C1000&amp;ssl=1\" src=\"https:\/\/i0.wp.com\/brouwerijhersbach.com\/wp-content\/uploads\/2023\/10\/IMG-20260123-WA0080.jpg?resize=750%2C1000&#038;ssl=1\" alt=\"\" class=\"wp-image-3120\" style=\"aspect-ratio:0.7500220283725438;width:247px;height:auto\" srcset=\"https:\/\/i0.wp.com\/brouwerijhersbach.com\/wp-content\/uploads\/2023\/10\/IMG-20260123-WA0080.jpg?w=1536&amp;ssl=1 1536w, https:\/\/i0.wp.com\/brouwerijhersbach.com\/wp-content\/uploads\/2023\/10\/IMG-20260123-WA0080.jpg?resize=225%2C300&amp;ssl=1 225w, https:\/\/i0.wp.com\/brouwerijhersbach.com\/wp-content\/uploads\/2023\/10\/IMG-20260123-WA0080.jpg?resize=768%2C1024&amp;ssl=1 768w, https:\/\/i0.wp.com\/brouwerijhersbach.com\/wp-content\/uploads\/2023\/10\/IMG-20260123-WA0080.jpg?resize=1152%2C1536&amp;ssl=1 1152w, https:\/\/i0.wp.com\/brouwerijhersbach.com\/wp-content\/uploads\/2023\/10\/IMG-20260123-WA0080.jpg?resize=9%2C12&amp;ssl=1 9w, https:\/\/i0.wp.com\/brouwerijhersbach.com\/wp-content\/uploads\/2023\/10\/IMG-20260123-WA0080.jpg?resize=900%2C1200&amp;ssl=1 900w, https:\/\/i0.wp.com\/brouwerijhersbach.com\/wp-content\/uploads\/2023\/10\/IMG-20260123-WA0080.jpg?resize=600%2C800&amp;ssl=1 600w, https:\/\/i0.wp.com\/brouwerijhersbach.com\/wp-content\/uploads\/2023\/10\/IMG-20260123-WA0080.jpg?resize=450%2C600&amp;ssl=1 450w, https:\/\/i0.wp.com\/brouwerijhersbach.com\/wp-content\/uploads\/2023\/10\/IMG-20260123-WA0080.jpg?resize=300%2C400&amp;ssl=1 300w, https:\/\/i0.wp.com\/brouwerijhersbach.com\/wp-content\/uploads\/2023\/10\/IMG-20260123-WA0080.jpg?resize=150%2C200&amp;ssl=1 150w, https:\/\/i0.wp.com\/brouwerijhersbach.com\/wp-content\/uploads\/2023\/10\/IMG-20260123-WA0080.jpg?resize=1200%2C1600&amp;ssl=1 1200w\" sizes=\"auto, (max-width: 750px) 100vw, 750px\" \/><\/figure>\n<\/div>\n<\/div>\n\n\n\n<p class=\"wp-block-paragraph\">Mijn naam is Dave Hersbach (hierboven in het midden) en ik ben de schrijver van de blogs die je op deze site vindt. Sinds 2014 ben ik bezig met het brouwen van eigen biertjes en het leren over bier. In 2021 heb de STIBON 1 cursus gevolgd in de stadshaven brouwerij in Rotterdam. Een hele gave ervaring die ik iedereen aanraad!<\/p>\n\n\n\n<p class=\"wp-block-paragraph\">In 2022 heb ik het boek \u2018<a href=\"https:\/\/shop.bookmundo.com\/nl-NL\/book\/306332\/delftse-historie-van-het-bier-brouwen\/PB\">Delftse historie van het bier brouwen<\/a>\u2019 geschreven. Hiervoor heb ik vele uurtjes doorgebracht in de boeken en in het archief. Het is een compleet boekwerk geworden met veel informatie over het brouwen, de bieren en de stad tussen 1200 en 1850. Een aanrader!, al zeg ik het natuurlijk wel zelf \ud83d\ude42 <\/p>\n\n\n\n<div class=\"wp-block-columns is-layout-flex wp-container-core-columns-is-layout-7387b849 wp-block-columns-is-layout-flex\">\n<div class=\"wp-block-column is-layout-flow wp-block-column-is-layout-flow\" style=\"flex-basis:50%\"><div class=\"wp-block-image\">\n<figure class=\"aligncenter size-large is-resized\"><img data-recalc-dims=\"1\" loading=\"lazy\" decoding=\"async\" width=\"750\" height=\"750\" data-attachment-id=\"397\" data-permalink=\"https:\/\/brouwerijhersbach.com\/en\/over\/img-20221126-wa0008_original-1\/\" data-orig-file=\"https:\/\/i0.wp.com\/brouwerijhersbach.com\/wp-content\/uploads\/2023\/11\/img-20221126-wa0008_original-1.jpeg?fit=1500%2C1500&amp;ssl=1\" data-orig-size=\"1500,1500\" data-comments-opened=\"1\" data-image-meta=\"{&quot;aperture&quot;:&quot;0&quot;,&quot;credit&quot;:&quot;&quot;,&quot;camera&quot;:&quot;&quot;,&quot;caption&quot;:&quot;&quot;,&quot;created_timestamp&quot;:&quot;1669495798&quot;,&quot;copyright&quot;:&quot;&quot;,&quot;focal_length&quot;:&quot;0&quot;,&quot;iso&quot;:&quot;0&quot;,&quot;shutter_speed&quot;:&quot;0&quot;,&quot;title&quot;:&quot;&quot;,&quot;orientation&quot;:&quot;0&quot;}\" data-image-title=\"img-20221126-wa0008_original-1\" data-image-description=\"\" data-image-caption=\"\" data-large-file=\"https:\/\/i0.wp.com\/brouwerijhersbach.com\/wp-content\/uploads\/2023\/11\/img-20221126-wa0008_original-1.jpeg?fit=750%2C750&amp;ssl=1\" src=\"https:\/\/i0.wp.com\/brouwerijhersbach.com\/wp-content\/uploads\/2023\/11\/img-20221126-wa0008_original-1.jpeg?resize=750%2C750&#038;ssl=1\" alt=\"\" class=\"wp-image-397\" style=\"width:344px;height:auto\"\/><\/figure>\n<\/div><\/div>\n\n\n\n<div class=\"wp-block-column is-layout-flow wp-block-column-is-layout-flow\" style=\"flex-basis:50%\"><div class=\"wp-block-image\">\n<figure class=\"aligncenter size-large is-resized\"><a href=\"https:\/\/shop.bookmundo.com\/nl-NL\/book\/306332\/delftse-historie-van-het-bier-brouwen\/PB\"><img data-recalc-dims=\"1\" loading=\"lazy\" decoding=\"async\" width=\"354\" height=\"500\" data-attachment-id=\"2921\" data-permalink=\"https:\/\/brouwerijhersbach.com\/en\/over\/img_0770\/\" data-orig-file=\"https:\/\/i0.wp.com\/brouwerijhersbach.com\/wp-content\/uploads\/2026\/02\/img_0770.jpeg?fit=354%2C500&amp;ssl=1\" data-orig-size=\"354,500\" data-comments-opened=\"1\" data-image-meta=\"{&quot;aperture&quot;:&quot;0&quot;,&quot;credit&quot;:&quot;&quot;,&quot;camera&quot;:&quot;&quot;,&quot;caption&quot;:&quot;&quot;,&quot;created_timestamp&quot;:&quot;0&quot;,&quot;copyright&quot;:&quot;&quot;,&quot;focal_length&quot;:&quot;0&quot;,&quot;iso&quot;:&quot;0&quot;,&quot;shutter_speed&quot;:&quot;0&quot;,&quot;title&quot;:&quot;&quot;,&quot;orientation&quot;:&quot;0&quot;}\" data-image-title=\"IMG_0770\" data-image-description=\"&lt;p&gt;\u2018Delftse historie van het bier brouwen\u2019 beschrijft het complete verhaal van de historische bierindustrie die Delft tussen 1200 &amp;#8211; 1850 kende. Delft was in deze tijd het bijzondere centrum van de Hollandse bierindustrie en leverde vele liters aan bierdrinkers binnen en buiten de stad. Dit maakte de brouwnijverheid tot \u00e9\u00e9n van de grootste industrie\u00ebn uit die tijd en omvatte veel meer dan alleen het brouwen van bier. Dit maakt dit tijdperk zo razend interessant, de Delftse brouwers hadden te maken met oorlogen, handelstekorten, veranderende vraag naar bier, om nog maar te zwijgen van het plaatselijke bestuur en hun ordinanti\u00ebn. Dit boek beschrijft de gehele brouwindustrie, zowel de ruimtelijke en politieke ontwikkelingen binnen Holland als de wijze waarop de ingredi\u00ebnten en brouwbenodigdheden ge\u00efmporteerd werden. Daarnaast wordt het historisch brouwproces, de werkgelegenheid en de verhandeling van Nederlands favoriete drank beschreven. Kortom, een boek om lekker te lezen met een biertje op de bank of stoel!.&lt;\/p&gt;\" data-image-caption=\"&lt;p&gt;Delftse Historie van het bier brouwen&lt;\/p&gt;\" data-large-file=\"https:\/\/i0.wp.com\/brouwerijhersbach.com\/wp-content\/uploads\/2026\/02\/img_0770.jpeg?fit=354%2C500&amp;ssl=1\" src=\"https:\/\/i0.wp.com\/brouwerijhersbach.com\/wp-content\/uploads\/2026\/02\/img_0770.jpeg?resize=354%2C500&#038;ssl=1\" alt=\"\" class=\"wp-image-2921\" style=\"width:244px;height:auto\"\/><\/a><\/figure>\n<\/div><\/div>\n<\/div>\n\n\n\n<p class=\"wp-block-paragraph\">Na het schrijven van dit boek ben ik in december 2025  geslaagd voor de opleiding Bierambassadeur 2 van STIBON. Een vrij intensief maar zeer leerzaam traject van ca. driekwart jaar waarin ik mijn kennis verdiept heb over diverse onderwerpen binnen het bieruniversum. Denk hierbij aan het combineren van bier met spijs en het samenstellen van een bierassortiment alsmede een duik in het diepe over de ingredi\u00ebnten zoals hop, mout en water. Maar ook hier geldt dat mijn nieuwsgierigheid alleen maar groter werd. Er is zoveel meer te ontdekken over bier dan ik dacht! In januari 2025 was het dan eindelijk zover en ben ik afgereisd naar M\u00fcnchen voor het laatste deel van mijn opleiding. In twee dagen heb ik mij met mijn klasgenoten verdiept in Duitse bierstijlen en barrel aging. Aan het einde van dag twee heb ik mijn diploma in ontvangst mogen nemen en mag ik mij officieel Diplom Biersommelier noemen!<\/p>\n\n\n\n<p class=\"wp-block-paragraph\">Ondanks dat ik officieel biersommelier ben, houd mijn avontuur niet op. Ik blijf verder onderzoeken en leren over de wereld van bier en alle facetten die hierbij komen kijken. De interessante zaken beschrijf ik op deze site en hopelijk geniet jij daar dan weer van. Heel veel leesplezier gewenst!<\/p>\n\n\n\n<div class=\"wp-block-columns is-layout-flex wp-container-core-columns-is-layout-7387b849 wp-block-columns-is-layout-flex\">\n<div class=\"wp-block-column is-layout-flow wp-block-column-is-layout-flow\" style=\"flex-basis:100%\"><\/div>\n<\/div>\n\n\n\n<hr class=\"wp-block-separator has-css-opacity is-style-wide\"\/>\n\n\n\n<div style=\"height:10px\" aria-hidden=\"true\" class=\"wp-block-spacer desktop-only\"><\/div>\n\n\n\n<h2 class=\"wp-block-heading has-text-align-center\">Wil je je reactie geven of een onderwerp uitgezocht hebben?<\/h2>\n\n\n\n<div class=\"wp-block-buttons alignwide is-content-justification-center is-layout-flex wp-container-core-buttons-is-layout-3e41869c wp-block-buttons-is-layout-flex\">\n<div class=\"wp-block-button\"><a class=\"wp-block-button__link has-foreground-color has-text-color has-link-color wp-element-button\" href=\"mailto:Brouwerijhersbach@gmail.com\">Laat het mij weten<\/a><\/div>\n<\/div>\n\n\n\n<div style=\"height:10px\" aria-hidden=\"true\" class=\"wp-block-spacer desktop-only\"><\/div>\n\n\n\n<hr class=\"wp-block-separator has-css-opacity is-style-wide\"\/>\n\n\n\n<div style=\"height:32px\" aria-hidden=\"true\" class=\"wp-block-spacer\"><\/div>","protected":false},"excerpt":{"rendered":"<p>Vele hobbybrouwers herkennen dit vast wel. Je begint met het brouwen van je eerste biertje. Deze smaakt best aardig maar het kan beter. Je zoekt op internet naar een manier om je brouwsel de volgende keer nog beter te maken. Ondertussen besluit je de spaarcentjes te gebruiken voor een nieuwe ketel. De hobby wordt langzamerhand<a class=\"more-link\" href=\"https:\/\/brouwerijhersbach.com\/en\/over\/\">Continue reading <span class=\"screen-reader-text\">&#8220;Over Brouwerij Hersbach&#8221;<\/span><\/a><\/p>","protected":false},"author":241837674,"featured_media":0,"parent":0,"menu_order":1,"comment_status":"closed","ping_status":"closed","template":"","meta":{"_crdt_document":"","advanced_seo_description":"","jetpack_seo_html_title":"","jetpack_seo_noindex":false,"footnotes":""},"class_list":["post-7","page","type-page","status-publish","hentry","entry"],"jetpack_likes_enabled":true,"jetpack_sharing_enabled":true,"jetpack_shortlink":"https:\/\/wp.me\/PfeRuU-7","jetpack-related-posts":[{"id":1049,"url":"https:\/\/brouwerijhersbach.com\/en\/bierstijlen-dubbel\/","url_meta":{"origin":7,"position":0},"title":"Dubbel | Bierstijl beschrijving","author":"Brouwerij Hersbach","date":"26 February 2024","format":false,"excerpt":"Een Belgische biertype met complex gistprofiel; dubbel. Dubbel Vergisting: bovengistend Alcohol: 6,0 - 7,5% Kleur: donker rood tot zwart IBU: 20 - 30 Bijzonderheden: door de Belgische giststammen ontstaan complexe bieren met smaken van banaan, kruidigheid en soms zelfs chemische smaken. Een geweldig bier van de trappisten van Westmalle. Gebrouwen\u2026","rel":"","context":"Similar post","block_context":{"text":"Similar post","link":""},"img":{"alt_text":"","src":"https:\/\/i0.wp.com\/brouwerijhersbach.com\/wp-content\/uploads\/2024\/02\/pexels-photo-410648-1.jpeg?resize=350%2C200&ssl=1","width":350,"height":200,"srcset":"https:\/\/i0.wp.com\/brouwerijhersbach.com\/wp-content\/uploads\/2024\/02\/pexels-photo-410648-1.jpeg?resize=350%2C200&ssl=1 1x, https:\/\/i0.wp.com\/brouwerijhersbach.com\/wp-content\/uploads\/2024\/02\/pexels-photo-410648-1.jpeg?resize=525%2C300&ssl=1 1.5x, https:\/\/i0.wp.com\/brouwerijhersbach.com\/wp-content\/uploads\/2024\/02\/pexels-photo-410648-1.jpeg?resize=700%2C400&ssl=1 2x, https:\/\/i0.wp.com\/brouwerijhersbach.com\/wp-content\/uploads\/2024\/02\/pexels-photo-410648-1.jpeg?resize=1050%2C600&ssl=1 3x, https:\/\/i0.wp.com\/brouwerijhersbach.com\/wp-content\/uploads\/2024\/02\/pexels-photo-410648-1.jpeg?resize=1400%2C800&ssl=1 4x"},"classes":[]},{"id":947,"url":"https:\/\/brouwerijhersbach.com\/en\/bierstijlen-ipa\/","url_meta":{"origin":7,"position":1},"title":"IPA | Bierstijl beschrijving","author":"Brouwerij Hersbach","date":"28 January 2024","format":false,"excerpt":"Dit bier kent een sterk hoppig-profiel; IPA IPA Alcohol: 5,0 - 7,5% Kleur: goud tot amberkleurig IBU: 40 - 60 Bijzonderheden: het bier dat gebrouwen wordt met veel nieuwe hopsoorten die nieuwe smaken hadden die eerst als \u201cafwijking\u201d werden gezien. Er zijn zo veel IPA\u2019s in de markt. Sommige zo\u2026","rel":"","context":"Similar post","block_context":{"text":"Similar post","link":""},"img":{"alt_text":"","src":"https:\/\/i0.wp.com\/brouwerijhersbach.com\/wp-content\/uploads\/2024\/01\/pexels-photo-1108775.jpeg?resize=350%2C200&ssl=1","width":350,"height":200,"srcset":"https:\/\/i0.wp.com\/brouwerijhersbach.com\/wp-content\/uploads\/2024\/01\/pexels-photo-1108775.jpeg?resize=350%2C200&ssl=1 1x, https:\/\/i0.wp.com\/brouwerijhersbach.com\/wp-content\/uploads\/2024\/01\/pexels-photo-1108775.jpeg?resize=525%2C300&ssl=1 1.5x, https:\/\/i0.wp.com\/brouwerijhersbach.com\/wp-content\/uploads\/2024\/01\/pexels-photo-1108775.jpeg?resize=700%2C400&ssl=1 2x, https:\/\/i0.wp.com\/brouwerijhersbach.com\/wp-content\/uploads\/2024\/01\/pexels-photo-1108775.jpeg?resize=1050%2C600&ssl=1 3x"},"classes":[]},{"id":2256,"url":"https:\/\/brouwerijhersbach.com\/en\/bierstijlen-pale-ale-gb\/","url_meta":{"origin":7,"position":2},"title":"Pale ale (GB)  | Beer style description","author":"Brouwerij Hersbach","date":"23 November 2025","format":false,"excerpt":"Een hoppig bier uit Engeland; de Pale Ale (GB) Pale ale (GB) Vergisting: bovengistend Alcohol: 4,5% - 5,6% Kleur: blond tot amberkleurig IBU: 30-45 Bijzonderheden: Engelse bierstijlen willen nog wel eens in elkaar overvloeien. Met als gevolg dat de exacte kaders van de pale ale of een extra special bitter\u2026","rel":"","context":"Similar post","block_context":{"text":"Similar post","link":""},"img":{"alt_text":"Pub de Harp","src":"https:\/\/i0.wp.com\/brouwerijhersbach.com\/wp-content\/uploads\/2025\/11\/pexels-photo-3813920.jpeg?fit=800%2C1200&ssl=1&resize=350%2C200","width":350,"height":200,"srcset":"https:\/\/i0.wp.com\/brouwerijhersbach.com\/wp-content\/uploads\/2025\/11\/pexels-photo-3813920.jpeg?fit=800%2C1200&ssl=1&resize=350%2C200 1x, https:\/\/i0.wp.com\/brouwerijhersbach.com\/wp-content\/uploads\/2025\/11\/pexels-photo-3813920.jpeg?fit=800%2C1200&ssl=1&resize=525%2C300 1.5x, https:\/\/i0.wp.com\/brouwerijhersbach.com\/wp-content\/uploads\/2025\/11\/pexels-photo-3813920.jpeg?fit=800%2C1200&ssl=1&resize=700%2C400 2x"},"classes":[]},{"id":1098,"url":"https:\/\/brouwerijhersbach.com\/en\/bierstijlen-quadrupel\/","url_meta":{"origin":7,"position":3},"title":"Quadrupel | Bierstijl beschrijving","author":"Brouwerij Hersbach","date":"5 March 2024","format":false,"excerpt":"Kruidig en zoet; de quadrupel Quadrupel Vergisting: bovengistend Alcohol: 8,5 - 12% Kleur: donker koper tot donkerbruin IBU: 20 - 40 Bijzonderheden: de sterkste van de 4 Belgische abdijbieren. Het is een zwaar biertype met een moutig karakter. Vaak smaakt dit biertype sterk alcoholwarmend, heerlijk bier voor bij de open\u2026","rel":"","context":"Similar post","block_context":{"text":"Similar post","link":""},"img":{"alt_text":"","src":"https:\/\/i0.wp.com\/brouwerijhersbach.com\/wp-content\/uploads\/2024\/03\/chocolate-dark-coffee-confiserie-65882.jpeg?resize=350%2C200&ssl=1","width":350,"height":200,"srcset":"https:\/\/i0.wp.com\/brouwerijhersbach.com\/wp-content\/uploads\/2024\/03\/chocolate-dark-coffee-confiserie-65882.jpeg?resize=350%2C200&ssl=1 1x, https:\/\/i0.wp.com\/brouwerijhersbach.com\/wp-content\/uploads\/2024\/03\/chocolate-dark-coffee-confiserie-65882.jpeg?resize=525%2C300&ssl=1 1.5x, https:\/\/i0.wp.com\/brouwerijhersbach.com\/wp-content\/uploads\/2024\/03\/chocolate-dark-coffee-confiserie-65882.jpeg?resize=700%2C400&ssl=1 2x, https:\/\/i0.wp.com\/brouwerijhersbach.com\/wp-content\/uploads\/2024\/03\/chocolate-dark-coffee-confiserie-65882.jpeg?resize=1050%2C600&ssl=1 3x, https:\/\/i0.wp.com\/brouwerijhersbach.com\/wp-content\/uploads\/2024\/03\/chocolate-dark-coffee-confiserie-65882.jpeg?resize=1400%2C800&ssl=1 4x"},"classes":[]},{"id":1167,"url":"https:\/\/brouwerijhersbach.com\/en\/the-basics-van-het-bier-brouwen\/","url_meta":{"origin":7,"position":4},"title":"Stappenplan bier brouwen I Bier brouwen","author":"Brouwerij Hersbach","date":"19 March 2024","format":false,"excerpt":"Een handige stappenplan voor het brouwen van bier. Stap 1: voorbereiding en opstellen van recept Hier begint de pret! Wanneer je nu voor een wedstrijd brouwt, je eigen recept verbetert of een heel nieuw recept probeert. Het begint allemaal bij het opstellen van een recept. Bij het opstellen van een\u2026","rel":"","context":"Similar post","block_context":{"text":"Similar post","link":""},"img":{"alt_text":"","src":"https:\/\/i0.wp.com\/brouwerijhersbach.com\/wp-content\/uploads\/2025\/12\/51wpc3tB2aL._SY385_.jpg?resize=350%2C200","width":350,"height":200},"classes":[]},{"id":1588,"url":"https:\/\/brouwerijhersbach.com\/en\/stoofvlees-met-gebakken-aardappeltjes\/","url_meta":{"origin":7,"position":5},"title":"Stoofvlees met gebakken aardappeltjes","author":"Brouwerij Hersbach","date":"29 November 2024","format":false,"excerpt":"Wat heb je nodig? 2 flessen Gulpener IJsbock 700 gram runderlappen 1 eetlepel bloem 1 st witte ui 140 gram tomatenpuree 1 eetlepel grove Dijon mosterd 2 stuk laurierblaadjes 3 stuks kruidnagel 350ml wildfond 100 gram ontbijtboek 2 st wortelen Hoe maak je het? Warm een klein laagje olie in\u2026","rel":"","context":"Similar post","block_context":{"text":"Similar post","link":""},"img":{"alt_text":"","src":"https:\/\/i0.wp.com\/brouwerijhersbach.com\/wp-content\/uploads\/2024\/11\/pxl_20241123_140734467_original.jpeg?resize=350%2C200&ssl=1","width":350,"height":200,"srcset":"https:\/\/i0.wp.com\/brouwerijhersbach.com\/wp-content\/uploads\/2024\/11\/pxl_20241123_140734467_original.jpeg?resize=350%2C200&ssl=1 1x, https:\/\/i0.wp.com\/brouwerijhersbach.com\/wp-content\/uploads\/2024\/11\/pxl_20241123_140734467_original.jpeg?resize=525%2C300&ssl=1 1.5x, https:\/\/i0.wp.com\/brouwerijhersbach.com\/wp-content\/uploads\/2024\/11\/pxl_20241123_140734467_original.jpeg?resize=700%2C400&ssl=1 2x, https:\/\/i0.wp.com\/brouwerijhersbach.com\/wp-content\/uploads\/2024\/11\/pxl_20241123_140734467_original.jpeg?resize=1050%2C600&ssl=1 3x, https:\/\/i0.wp.com\/brouwerijhersbach.com\/wp-content\/uploads\/2024\/11\/pxl_20241123_140734467_original.jpeg?resize=1400%2C800&ssl=1 4x"},"classes":[]}],"_links":{"self":[{"href":"https:\/\/brouwerijhersbach.com\/en\/wp-json\/wp\/v2\/pages\/7","targetHints":{"allow":["GET"]}}],"collection":[{"href":"https:\/\/brouwerijhersbach.com\/en\/wp-json\/wp\/v2\/pages"}],"about":[{"href":"https:\/\/brouwerijhersbach.com\/en\/wp-json\/wp\/v2\/types\/page"}],"author":[{"embeddable":true,"href":"https:\/\/brouwerijhersbach.com\/en\/wp-json\/wp\/v2\/users\/241837674"}],"replies":[{"embeddable":true,"href":"https:\/\/brouwerijhersbach.com\/en\/wp-json\/wp\/v2\/comments?post=7"}],"version-history":[{"count":26,"href":"https:\/\/brouwerijhersbach.com\/en\/wp-json\/wp\/v2\/pages\/7\/revisions"}],"predecessor-version":[{"id":3123,"href":"https:\/\/brouwerijhersbach.com\/en\/wp-json\/wp\/v2\/pages\/7\/revisions\/3123"}],"wp:attachment":[{"href":"https:\/\/brouwerijhersbach.com\/en\/wp-json\/wp\/v2\/media?parent=7"}],"curies":[{"name":"wp","href":"https:\/\/api.w.org\/{rel}","templated":true}]}}