{"id":1011,"date":"2024-02-04T12:08:24","date_gmt":"2024-02-04T11:08:24","guid":{"rendered":"https:\/\/brouwerijhersbach.com\/?page_id=1011"},"modified":"2026-01-11T20:54:20","modified_gmt":"2026-01-11T19:54:20","slug":"bierstijlen-baltic-porter","status":"publish","type":"page","link":"https:\/\/brouwerijhersbach.com\/en\/bierstijlen-baltic-porter\/","title":{"rendered":"Baltic porter | Bierstijl beschrijving"},"content":{"rendered":"<div class=\"wp-block-group alignfull has-background\" style=\"background-color:#fbf7f7;padding-top:var(--wp--preset--spacing--70);padding-right:var(--wp--preset--spacing--50);padding-bottom:var(--wp--preset--spacing--70);padding-left:var(--wp--preset--spacing--50)\"><div class=\"wp-block-group__inner-container is-layout-constrained wp-container-core-group-is-layout-340f00bd wp-block-group-is-layout-constrained\">\n<div class=\"wp-block-media-text alignwide is-stacked-on-mobile\" style=\"grid-template-columns:29% auto\"><figure class=\"wp-block-media-text__media\"><img data-recalc-dims=\"1\" loading=\"lazy\" decoding=\"async\" width=\"750\" height=\"1125\" data-attachment-id=\"1012\" data-permalink=\"https:\/\/brouwerijhersbach.com\/en\/bierstijlen-baltic-porter\/pexels-photo-5659753-3\/\" data-orig-file=\"https:\/\/i0.wp.com\/brouwerijhersbach.com\/wp-content\/uploads\/2024\/02\/pexels-photo-5659753.jpeg?fit=867%2C1300&amp;ssl=1\" data-orig-size=\"867,1300\" data-comments-opened=\"1\" data-image-meta=\"{&quot;aperture&quot;:&quot;0&quot;,&quot;credit&quot;:&quot;&quot;,&quot;camera&quot;:&quot;&quot;,&quot;caption&quot;:&quot;&quot;,&quot;created_timestamp&quot;:&quot;0&quot;,&quot;copyright&quot;:&quot;&quot;,&quot;focal_length&quot;:&quot;0&quot;,&quot;iso&quot;:&quot;0&quot;,&quot;shutter_speed&quot;:&quot;0&quot;,&quot;title&quot;:&quot;&quot;,&quot;orientation&quot;:&quot;0&quot;}\" data-image-title=\"pexels-photo-5659753.jpeg\" data-image-description=\"\" data-image-caption=\"&lt;p&gt;Foto door Eva Bronzini op &lt;a href=&quot;https:\/\/www.pexels.com\/nl-nl\/foto\/helder-wijnglas-met-zwarte-vloeistof-5659753\/&quot; rel=&quot;nofollow&quot;&gt;Pexels.com&lt;\/a&gt;&lt;\/p&gt;\" data-large-file=\"https:\/\/i0.wp.com\/brouwerijhersbach.com\/wp-content\/uploads\/2024\/02\/pexels-photo-5659753.jpeg?fit=683%2C1024&amp;ssl=1\" src=\"https:\/\/i0.wp.com\/brouwerijhersbach.com\/wp-content\/uploads\/2024\/02\/pexels-photo-5659753.jpeg?resize=750%2C1125&#038;ssl=1\" alt=\"\" class=\"wp-image-1012 size-full\" \/><\/figure><div class=\"wp-block-media-text__content\">\n<div class=\"wp-block-group\" style=\"padding-left:1vw\"><div class=\"wp-block-group__inner-container is-layout-flow wp-block-group-is-layout-flow\">\n<h2 class=\"wp-block-heading\" style=\"font-size:48px;line-height:1.2\">Baltic Porter; Een donker en zware biertype uit Polen<\/h2>\n\n\n\n<p class=\"has-text-color has-small-font-size wp-block-paragraph\" style=\"color:#967e7e\">Baltic porter<\/p>\n<\/div><\/div>\n<\/div><\/div>\n\n\n\n<ul class=\"wp-block-list\">\n<li>Vergisting: boven of ondergistend<\/li>\n\n\n\n<li>Alcohol: 6,5 &#8211; 9,0%<\/li>\n\n\n\n<li>Kleur: donker bruin tot zwart<\/li>\n\n\n\n<li>IBU: 25 &#8211; 50<\/li>\n\n\n\n<li>Bijzonderheden: een heerlijk donker en sterk bier.\u2002Iets minder mout bitters dan bijvoorbeeld een Ierse dry stout. Het is eigenlijk een sterker en zoetere versie van de porter\/stout.<\/li>\n<\/ul>\n\n\n\n<div class=\"wp-block-media-text has-media-on-the-right is-stacked-on-mobile\" style=\"grid-template-columns:auto 30%\"><div class=\"wp-block-media-text__content\">\n<p class=\"wp-block-paragraph\">Voor een bier dat al eeuwen gebrouwd wordt zijn er weinig echte stijlvaders te onderscheiden voor deze bierstijl. Qua donkere bieren ben ik een grote fan van P\u00fchaste uit Estland. Probeer eens de Strata porter, gebrouwen met Strata-hop. Dat betekent dus een sterk hoppig bier met wat kruidigheid en fruitigheid.<\/p>\n<\/div><figure class=\"wp-block-media-text__media\"><img data-recalc-dims=\"1\" loading=\"lazy\" decoding=\"async\" width=\"750\" height=\"563\" data-attachment-id=\"1013\" data-permalink=\"https:\/\/brouwerijhersbach.com\/en\/bierstijlen-baltic-porter\/img_0529\/\" data-orig-file=\"https:\/\/i0.wp.com\/brouwerijhersbach.com\/wp-content\/uploads\/2024\/02\/img_0529.webp?fit=2016%2C1512&amp;ssl=1\" data-orig-size=\"2016,1512\" data-comments-opened=\"1\" data-image-meta=\"{&quot;aperture&quot;:&quot;0&quot;,&quot;credit&quot;:&quot;&quot;,&quot;camera&quot;:&quot;&quot;,&quot;caption&quot;:&quot;&quot;,&quot;created_timestamp&quot;:&quot;0&quot;,&quot;copyright&quot;:&quot;&quot;,&quot;focal_length&quot;:&quot;0&quot;,&quot;iso&quot;:&quot;0&quot;,&quot;shutter_speed&quot;:&quot;0&quot;,&quot;title&quot;:&quot;&quot;,&quot;orientation&quot;:&quot;0&quot;}\" data-image-title=\"img_0529\" data-image-description=\"\" data-image-caption=\"\" data-large-file=\"https:\/\/i0.wp.com\/brouwerijhersbach.com\/wp-content\/uploads\/2024\/02\/img_0529.webp?fit=750%2C563&amp;ssl=1\" src=\"https:\/\/i0.wp.com\/brouwerijhersbach.com\/wp-content\/uploads\/2024\/02\/img_0529.webp?resize=750%2C563&#038;ssl=1\" alt=\"\" class=\"wp-image-1013 size-full\" \/><\/figure><\/div>\n\n\n\n<div class=\"wp-block-media-text alignwide is-stacked-on-mobile\" style=\"grid-template-columns:34% auto\"><figure class=\"wp-block-media-text__media\"><img data-recalc-dims=\"1\" loading=\"lazy\" decoding=\"async\" width=\"750\" height=\"500\" data-attachment-id=\"1014\" data-permalink=\"https:\/\/brouwerijhersbach.com\/en\/bierstijlen-baltic-porter\/chocolate-dessert-brownies-cake\/\" data-orig-file=\"https:\/\/i0.wp.com\/brouwerijhersbach.com\/wp-content\/uploads\/2024\/02\/chocolate-dessert-brownies-cake.jpg?fit=1880%2C1253&amp;ssl=1\" data-orig-size=\"1880,1253\" data-comments-opened=\"1\" data-image-meta=\"{&quot;aperture&quot;:&quot;0&quot;,&quot;credit&quot;:&quot;&quot;,&quot;camera&quot;:&quot;&quot;,&quot;caption&quot;:&quot;&quot;,&quot;created_timestamp&quot;:&quot;0&quot;,&quot;copyright&quot;:&quot;&quot;,&quot;focal_length&quot;:&quot;0&quot;,&quot;iso&quot;:&quot;0&quot;,&quot;shutter_speed&quot;:&quot;0&quot;,&quot;title&quot;:&quot;&quot;,&quot;orientation&quot;:&quot;0&quot;}\" data-image-title=\"chocolate-dessert-brownies-cake.jpg\" data-image-description=\"\" data-image-caption=\"&lt;p&gt;Foto door Ju00c9SHOOTS op &lt;a href=&quot;https:\/\/www.pexels.com\/nl-nl\/foto\/gebakken-brownies-op-plaat-3666\/&quot; rel=&quot;nofollow&quot;&gt;Pexels.com&lt;\/a&gt;&lt;\/p&gt;\" data-large-file=\"https:\/\/i0.wp.com\/brouwerijhersbach.com\/wp-content\/uploads\/2024\/02\/chocolate-dessert-brownies-cake.jpg?fit=750%2C500&amp;ssl=1\" src=\"https:\/\/i0.wp.com\/brouwerijhersbach.com\/wp-content\/uploads\/2024\/02\/chocolate-dessert-brownies-cake.jpg?resize=750%2C500&#038;ssl=1\" alt=\"\" class=\"wp-image-1014 size-full\" \/><\/figure><div class=\"wp-block-media-text__content\">\n<p class=\"wp-block-paragraph\">Het is weer tijd voor een pairing met toetjes of gewoon lekker tussendoor. Kies voor bij de Baltic porter een lekker chocolade cake of chocolade taart uit. Zorg ervoor dat er wat bakkersroom of cr\u00e8me bij zit. Dit voorkomt dat de chocolade gaat overheersen en te bitter wordt. Ook is dit bier geschikt om een beer float mee te maken. <\/p>\n<\/div><\/div>\n<\/div><\/div>\n\n\n\n<h2 class=\"wp-block-heading\">Global characteristics<\/h2>\n\n\n\n<p class=\"wp-block-paragraph\">Baltic Porter staat bekend om zijn rijke en complexe smaakprofiel, met tonen van geroosterde mout, karamel, chocolade en soms zelfs een vleugje donker fruit. Het heeft meestal een gladde en zijdezachte textuur, met een vol lichaam en een alcoholpercentage dat vaak hoger is dan bij traditionele porters. Het heeft een diepe donkere kleur en een aanhoudende, vaak verwarmende alcoholische afdronk. Over het algemeen is het een bier dat goed rijpt en verbetert met de tijd.<\/p>\n\n\n\n<hr class=\"wp-block-separator has-alpha-channel-opacity\" \/>\n\n\n\n<blockquote class=\"wp-block-quote is-layout-flow wp-block-quote-is-layout-flow\">\n<p class=\"wp-block-paragraph\">Het bier heeft iets afschrikwekkends maar neem kleine slokjes en geniet van de vele smaken in je glas.<\/p>\n<cite>Brouwerij Hersbach <\/cite><\/blockquote>\n\n\n\n<hr class=\"wp-block-separator has-alpha-channel-opacity\" \/>\n\n\n\n<h2 class=\"wp-block-heading\">Baltic porter en de Tsaar van Rusland<\/h2>\n\n\n\n<p class=\"wp-block-paragraph\">De relatie tussen de Baltic Porter en de Russische tsaar is interessant omdat de tsaar en zijn hofhouding bekend stonden als liefhebbers van deze sterke, donkere bieren. De Baltische staten waren historisch gezien onderdeel van het Russische rijk, en de bieren werden vaak naar de tsaar en zijn hof ge\u00ebxporteerd. De tsaar en zijn hof werden beschouwd als belangrijke afnemers van deze bieren, waardoor ze een zekere mate van prestige kregen. Dit heeft bijgedragen aan de populariteit en verspreiding van de Baltic Porter in de regio.<\/p>\n\n\n\n<p class=\"wp-block-paragraph\">Hoewel de populariteit van de Baltic Porter in Rusland in de loop der tijd kan zijn afgenomen, wordt het nog steeds gebrouwen en gedronken in verschillende delen van het land, zij het misschien niet op grote schaal. Het wordt vaak beschouwd als een speciaal bier en kan te vinden zijn in gespecialiseerde bierwinkels, ambachtelijke brouwerijen en bars die zich richten op ambachtelijke bieren. De liefde voor bier in Rusland blijft echter sterk, en er zijn waarschijnlijk nog steeds veel mensen die genieten van de rijke smaak van Baltic Porter.<\/p>\n\n\n\n<h2 class=\"wp-block-heading\">Verschil stout en baltic porter<\/h2>\n\n\n\n<p class=\"wp-block-paragraph\">Hoewel beide bieren donker en rijk van smaak zijn, zijn er enkele verschillen tussen een stout en een Baltic Porter. Over het algemeen is een stout droger en heeft het een meer uitgesproken geroosterde smaak, met tonen van koffie en cacao. Het heeft ook vaak een dikkere en romiger textuur dan een Baltic Porter. Aan de andere kant heeft een Baltic Porter meestal een iets zoetere smaak, met tonen van karamel en donker fruit, en heeft het een gladder en zachter mondgevoel. Bovendien heeft een Baltic Porter vaak een hoger alcoholpercentage dan een traditionele stout. Dit maakt hem makkelijker doordrinkbaar.<\/p>\n\n\n\n<div class=\"wp-block-group alignfull has-primary-color has-text-color has-background has-link-color wp-elements-7721e2d7d770bde83f704b13647fabbe\" style=\"background-color:#fbf7f7;padding-top:var(--wp--preset--spacing--70);padding-right:var(--wp--preset--spacing--50);padding-bottom:var(--wp--preset--spacing--70);padding-left:var(--wp--preset--spacing--50)\"><div class=\"wp-block-group__inner-container is-layout-constrained wp-container-core-group-is-layout-ff1254ef wp-block-group-is-layout-constrained\">\n<div class=\"wp-block-columns alignwide is-layout-flex wp-container-core-columns-is-layout-63326995 wp-block-columns-is-layout-flex\">\n<div class=\"wp-block-column is-layout-flow wp-block-column-is-layout-flow\" style=\"flex-basis:50%\">\n<p class=\"has-small-font-size wp-block-paragraph\" style=\"line-height:2.4\"><a href=\"#\">Contact<\/a><br><a href=\"#\">Privacy<\/a><br><a href=\"#\">General conditions<\/a><\/p>\n\n\n\n<ul class=\"wp-block-social-links has-icon-color has-icon-background-color items-justified-left is-style-default is-layout-flex wp-container-core-social-links-is-layout-30db60ec wp-block-social-links-is-layout-flex\"><li style=\"color:#4a5759;background-color:#fbf7f7;\" class=\"wp-social-link wp-social-link-wordpress  wp-block-social-link\"><a href=\"#\" class=\"wp-block-social-link-anchor\"><svg width=\"24\" height=\"24\" viewbox=\"0 0 24 24\" version=\"1.1\" xmlns=\"http:\/\/www.w3.org\/2000\/svg\" aria-hidden=\"true\" focusable=\"false\"><path d=\"M12.158,12.786L9.46,20.625c0.806,0.237,1.657,0.366,2.54,0.366c1.047,0,2.051-0.181,2.986-0.51 c-0.024-0.038-0.046-0.079-0.065-0.124L12.158,12.786z M3.009,12c0,3.559,2.068,6.634,5.067,8.092L3.788,8.341 C3.289,9.459,3.009,10.696,3.009,12z M18.069,11.546c0-1.112-0.399-1.881-0.741-2.48c-0.456-0.741-0.883-1.368-0.883-2.109 c0-0.826,0.627-1.596,1.51-1.596c0.04,0,0.078,0.005,0.116,0.007C16.472,3.904,14.34,3.009,12,3.009 c-3.141,0-5.904,1.612-7.512,4.052c0.211,0.007,0.41,0.011,0.579,0.011c0.94,0,2.396-0.114,2.396-0.114 C7.947,6.93,8.004,7.642,7.52,7.699c0,0-0.487,0.057-1.029,0.085l3.274,9.739l1.968-5.901l-1.401-3.838 C9.848,7.756,9.389,7.699,9.389,7.699C8.904,7.67,8.961,6.93,9.446,6.958c0,0,1.484,0.114,2.368,0.114 c0.94,0,2.397-0.114,2.397-0.114c0.485-0.028,0.542,0.684,0.057,0.741c0,0-0.488,0.057-1.029,0.085l3.249,9.665l0.897-2.996 C17.841,13.284,18.069,12.316,18.069,11.546z M19.889,7.686c0.039,0.286,0.06,0.593,0.06,0.924c0,0.912-0.171,1.938-0.684,3.22 l-2.746,7.94c2.673-1.558,4.47-4.454,4.47-7.771C20.991,10.436,20.591,8.967,19.889,7.686z M12,22C6.486,22,2,17.514,2,12 C2,6.486,6.486,2,12,2c5.514,0,10,4.486,10,10C22,17.514,17.514,22,12,22z\"><\/path><\/svg><span class=\"wp-block-social-link-label screen-reader-text\">WordPress<\/span><\/a><\/li>\n\n<li style=\"color:#4a5759;background-color:#fbf7f7;\" class=\"wp-social-link wp-social-link-twitter  wp-block-social-link\"><a href=\"#\" class=\"wp-block-social-link-anchor\"><svg width=\"24\" height=\"24\" viewbox=\"0 0 24 24\" version=\"1.1\" xmlns=\"http:\/\/www.w3.org\/2000\/svg\" aria-hidden=\"true\" focusable=\"false\"><path d=\"M22.23,5.924c-0.736,0.326-1.527,0.547-2.357,0.646c0.847-0.508,1.498-1.312,1.804-2.27 c-0.793,0.47-1.671,0.812-2.606,0.996C18.324,4.498,17.257,4,16.077,4c-2.266,0-4.103,1.837-4.103,4.103 c0,0.322,0.036,0.635,0.106,0.935C8.67,8.867,5.647,7.234,3.623,4.751C3.27,5.357,3.067,6.062,3.067,6.814 c0,1.424,0.724,2.679,1.825,3.415c-0.673-0.021-1.305-0.206-1.859-0.513c0,0.017,0,0.034,0,0.052c0,1.988,1.414,3.647,3.292,4.023 c-0.344,0.094-0.707,0.144-1.081,0.144c-0.264,0-0.521-0.026-0.772-0.074c0.522,1.63,2.038,2.816,3.833,2.85 c-1.404,1.1-3.174,1.756-5.096,1.756c-0.331,0-0.658-0.019-0.979-0.057c1.816,1.164,3.973,1.843,6.29,1.843 c7.547,0,11.675-6.252,11.675-11.675c0-0.178-0.004-0.355-0.012-0.531C20.985,7.47,21.68,6.747,22.23,5.924z\"><\/path><\/svg><span class=\"wp-block-social-link-label screen-reader-text\">Twitter<\/span><\/a><\/li>\n\n<li style=\"color:#4a5759;background-color:#fbf7f7;\" class=\"wp-social-link wp-social-link-facebook  wp-block-social-link\"><a href=\"#\" class=\"wp-block-social-link-anchor\"><svg width=\"24\" height=\"24\" viewbox=\"0 0 24 24\" version=\"1.1\" xmlns=\"http:\/\/www.w3.org\/2000\/svg\" aria-hidden=\"true\" focusable=\"false\"><path d=\"M12 2C6.5 2 2 6.5 2 12c0 5 3.7 9.1 8.4 9.9v-7H7.9V12h2.5V9.8c0-2.5 1.5-3.9 3.8-3.9 1.1 0 2.2.2 2.2.2v2.5h-1.3c-1.2 0-1.6.8-1.6 1.6V12h2.8l-.4 2.9h-2.3v7C18.3 21.1 22 17 22 12c0-5.5-4.5-10-10-10z\"><\/path><\/svg><span class=\"wp-block-social-link-label screen-reader-text\">Facebook<\/span><\/a><\/li><\/ul>\n<\/div>\n<\/div>\n\n\n\n<p class=\"wp-block-paragraph\"><\/p>\n<\/div><\/div>","protected":false},"excerpt":{"rendered":"<p>Baltic Porter; Een donker en zware biertype uit Polen Baltic porter Voor een bier dat al eeuwen gebrouwd wordt zijn er weinig echte stijlvaders te onderscheiden voor deze bierstijl. Qua donkere bieren ben ik een grote fan van P\u00fchaste uit Estland. Probeer eens de Strata porter, gebrouwen met Strata-hop. Dat betekent dus een sterk hoppig<a class=\"more-link\" href=\"https:\/\/brouwerijhersbach.com\/en\/bierstijlen-baltic-porter\/\">Continue reading <span class=\"screen-reader-text\">&#8220;Baltic porter | Bierstijl beschrijving&#8221;<\/span><\/a><\/p>","protected":false},"author":241837674,"featured_media":0,"parent":0,"menu_order":0,"comment_status":"closed","ping_status":"closed","template":"","meta":{"_crdt_document":"","advanced_seo_description":"","jetpack_seo_html_title":"","jetpack_seo_noindex":false,"footnotes":""},"class_list":["post-1011","page","type-page","status-publish","hentry","entry"],"jetpack_likes_enabled":true,"jetpack_sharing_enabled":true,"jetpack_shortlink":"https:\/\/wp.me\/PfeRuU-gj","jetpack-related-posts":[{"id":819,"url":"https:\/\/brouwerijhersbach.com\/en\/bierstijlen-porter\/","url_meta":{"origin":1011,"position":0},"title":"Porter | Bierstijl beschrijving","author":"Brouwerij Hersbach","date":"9 January 2024","format":false,"excerpt":"Vernoemd naar de havenarbeiders in London; Porter. Porter Alcohol: 4,5% - 5,5% Kleur: licht tot donkerbruin IBU: 25 - 40 Bijzonderheden: donker bier voor echte stoere havenarbeiders. Engelsman Ralph Harwoord mengde wat verschillende bieren en \u2018What do you know\u2019 er ontstond een heerlijk bier. Geroosterde smaken maar niet zwaar. Het\u2026","rel":"","context":"Similar post","block_context":{"text":"Similar post","link":""},"img":{"alt_text":"","src":"https:\/\/i0.wp.com\/brouwerijhersbach.com\/wp-content\/uploads\/2024\/01\/pexels-photo-2491273.jpeg?resize=350%2C200&ssl=1","width":350,"height":200,"srcset":"https:\/\/i0.wp.com\/brouwerijhersbach.com\/wp-content\/uploads\/2024\/01\/pexels-photo-2491273.jpeg?resize=350%2C200&ssl=1 1x, https:\/\/i0.wp.com\/brouwerijhersbach.com\/wp-content\/uploads\/2024\/01\/pexels-photo-2491273.jpeg?resize=525%2C300&ssl=1 1.5x, https:\/\/i0.wp.com\/brouwerijhersbach.com\/wp-content\/uploads\/2024\/01\/pexels-photo-2491273.jpeg?resize=700%2C400&ssl=1 2x"},"classes":[]},{"id":123,"url":"https:\/\/brouwerijhersbach.com\/en\/bierstijlen\/","url_meta":{"origin":1011,"position":1},"title":"Beer and Beer Styles","author":"Brouwerij Hersbach","date":"31 October 2023","format":false,"excerpt":"Bierstijlen zijn onderhevig aan constante wijzingen en herzieningen. Dit klinkt misschien raar maar door de introductie van nieuwe bieren en het opdoen van nieuwe kennis is regelmatige herziening van de bierstijlen belangrijk. Er is in Nederland geen offici\u00eble instantie die deze stijlen bepaald maar \u00e9\u00e9n mooi naslagwerk is toch wel\u2026","rel":"","context":"Similar post","block_context":{"text":"Similar post","link":""},"img":{"alt_text":"","src":"https:\/\/i0.wp.com\/brouwerijhersbach.com\/wp-content\/uploads\/2023\/10\/pexels-photo-19963544-1.jpeg?resize=350%2C200&ssl=1","width":350,"height":200,"srcset":"https:\/\/i0.wp.com\/brouwerijhersbach.com\/wp-content\/uploads\/2023\/10\/pexels-photo-19963544-1.jpeg?resize=350%2C200&ssl=1 1x, https:\/\/i0.wp.com\/brouwerijhersbach.com\/wp-content\/uploads\/2023\/10\/pexels-photo-19963544-1.jpeg?resize=525%2C300&ssl=1 1.5x, https:\/\/i0.wp.com\/brouwerijhersbach.com\/wp-content\/uploads\/2023\/10\/pexels-photo-19963544-1.jpeg?resize=700%2C400&ssl=1 2x"},"classes":[]},{"id":1019,"url":"https:\/\/brouwerijhersbach.com\/en\/bierstijlen-black-ipa\/","url_meta":{"origin":1011,"position":2},"title":"Black IPA | Bierstijl beschrijving","author":"Brouwerij Hersbach","date":"4 February 2024","format":false,"excerpt":"Black IPA; een donker bier maar weinig geroosterde smaak. Hoe kan dit? Black IPA Vergisting: bovengistend Alcohol: 6,0 - 7,5% Kleur: donker rood tot zwart IBU: 50 - 70 Bijzonderheden: door een speciale manier van brouwen krijgt de Black IPA of BIPA wel de kleur maar niet de moutbitters van\u2026","rel":"","context":"In &quot;Geen categorie&quot;","block_context":{"text":"Geen categorie","link":"https:\/\/brouwerijhersbach.com\/en\/category\/geen-categorie\/"},"img":{"alt_text":"","src":"https:\/\/i0.wp.com\/brouwerijhersbach.com\/wp-content\/uploads\/2024\/02\/pexels-photo-5149344.jpeg?resize=350%2C200&ssl=1","width":350,"height":200,"srcset":"https:\/\/i0.wp.com\/brouwerijhersbach.com\/wp-content\/uploads\/2024\/02\/pexels-photo-5149344.jpeg?resize=350%2C200&ssl=1 1x, https:\/\/i0.wp.com\/brouwerijhersbach.com\/wp-content\/uploads\/2024\/02\/pexels-photo-5149344.jpeg?resize=525%2C300&ssl=1 1.5x, https:\/\/i0.wp.com\/brouwerijhersbach.com\/wp-content\/uploads\/2024\/02\/pexels-photo-5149344.jpeg?resize=700%2C400&ssl=1 2x, https:\/\/i0.wp.com\/brouwerijhersbach.com\/wp-content\/uploads\/2024\/02\/pexels-photo-5149344.jpeg?resize=1050%2C600&ssl=1 3x, https:\/\/i0.wp.com\/brouwerijhersbach.com\/wp-content\/uploads\/2024\/02\/pexels-photo-5149344.jpeg?resize=1400%2C800&ssl=1 4x"},"classes":[]},{"id":61,"url":"https:\/\/brouwerijhersbach.com\/en\/bierstijlen-american-pale-ale\/","url_meta":{"origin":1011,"position":3},"title":"American pale ale | Beer style description","author":"Brouwerij Hersbach","date":"30 October 2023","format":false,"excerpt":"American pale ale; een icoon van de craftbeerrevolutie American pale ale Alcohol: 4,5% - 6% Kleur: geel tot licht amber IBU: 20 - 40 Bijzonderheden: tijdens het brouwen worden vaak Amerikaanse hoppen gebruikt. De stijlvader van dit biertype is toch wel de Liberty ale van Anchor brewing. Het is \u00e9\u00e9n\u2026","rel":"","context":"In &quot;Geen categorie&quot;","block_context":{"text":"Geen categorie","link":"https:\/\/brouwerijhersbach.com\/en\/category\/geen-categorie\/"},"img":{"alt_text":"","src":"https:\/\/i0.wp.com\/brouwerijhersbach.com\/wp-content\/uploads\/2024\/06\/img_0656.webp?resize=350%2C200&ssl=1","width":350,"height":200,"srcset":"https:\/\/i0.wp.com\/brouwerijhersbach.com\/wp-content\/uploads\/2024\/06\/img_0656.webp?resize=350%2C200&ssl=1 1x, https:\/\/i0.wp.com\/brouwerijhersbach.com\/wp-content\/uploads\/2024\/06\/img_0656.webp?resize=525%2C300&ssl=1 1.5x, https:\/\/i0.wp.com\/brouwerijhersbach.com\/wp-content\/uploads\/2024\/06\/img_0656.webp?resize=700%2C400&ssl=1 2x, https:\/\/i0.wp.com\/brouwerijhersbach.com\/wp-content\/uploads\/2024\/06\/img_0656.webp?resize=1050%2C600&ssl=1 3x"},"classes":[]},{"id":726,"url":"https:\/\/brouwerijhersbach.com\/en\/bierstijlen-irish-dry-stout\/","url_meta":{"origin":1011,"position":4},"title":"Irish dry stout | Beer style description","author":"Brouwerij Hersbach","date":"28 December 2023","format":false,"excerpt":"Irish Dry Stout; roasty en verassend doordrinkbaar. Irish dry stout Alcohol: 4,0% - 5,0% Kleur: donker bruin tot zwart. IBU: 33 - 48 Bijzonderheden: De meest bekende Irish Dry Stout is toch wel de Guinness. Het Britse eiland draait erop maar hier in ons koude landje wordt dit bier vaak\u2026","rel":"","context":"Similar post","block_context":{"text":"Similar post","link":""},"img":{"alt_text":"","src":"https:\/\/i0.wp.com\/brouwerijhersbach.com\/wp-content\/uploads\/2023\/12\/pexels-photo-66639.jpeg?resize=350%2C200&ssl=1","width":350,"height":200,"srcset":"https:\/\/i0.wp.com\/brouwerijhersbach.com\/wp-content\/uploads\/2023\/12\/pexels-photo-66639.jpeg?resize=350%2C200&ssl=1 1x, https:\/\/i0.wp.com\/brouwerijhersbach.com\/wp-content\/uploads\/2023\/12\/pexels-photo-66639.jpeg?resize=525%2C300&ssl=1 1.5x, https:\/\/i0.wp.com\/brouwerijhersbach.com\/wp-content\/uploads\/2023\/12\/pexels-photo-66639.jpeg?resize=700%2C400&ssl=1 2x, https:\/\/i0.wp.com\/brouwerijhersbach.com\/wp-content\/uploads\/2023\/12\/pexels-photo-66639.jpeg?resize=1050%2C600&ssl=1 3x, https:\/\/i0.wp.com\/brouwerijhersbach.com\/wp-content\/uploads\/2023\/12\/pexels-photo-66639.jpeg?resize=1400%2C800&ssl=1 4x"},"classes":[]},{"id":2256,"url":"https:\/\/brouwerijhersbach.com\/en\/bierstijlen-pale-ale-gb\/","url_meta":{"origin":1011,"position":5},"title":"Pale ale (GB)  | Beer style description","author":"Brouwerij Hersbach","date":"23 November 2025","format":false,"excerpt":"Een hoppig bier uit Engeland; de Pale Ale (GB) Pale ale (GB) Vergisting: bovengistend Alcohol: 4,5% - 5,6% Kleur: blond tot amberkleurig IBU: 30-45 Bijzonderheden: Engelse bierstijlen willen nog wel eens in elkaar overvloeien. Met als gevolg dat de exacte kaders van de pale ale of een extra special bitter\u2026","rel":"","context":"Similar post","block_context":{"text":"Similar post","link":""},"img":{"alt_text":"Pub de Harp","src":"https:\/\/i0.wp.com\/brouwerijhersbach.com\/wp-content\/uploads\/2025\/11\/pexels-photo-3813920.jpeg?fit=800%2C1200&ssl=1&resize=350%2C200","width":350,"height":200,"srcset":"https:\/\/i0.wp.com\/brouwerijhersbach.com\/wp-content\/uploads\/2025\/11\/pexels-photo-3813920.jpeg?fit=800%2C1200&ssl=1&resize=350%2C200 1x, https:\/\/i0.wp.com\/brouwerijhersbach.com\/wp-content\/uploads\/2025\/11\/pexels-photo-3813920.jpeg?fit=800%2C1200&ssl=1&resize=525%2C300 1.5x, https:\/\/i0.wp.com\/brouwerijhersbach.com\/wp-content\/uploads\/2025\/11\/pexels-photo-3813920.jpeg?fit=800%2C1200&ssl=1&resize=700%2C400 2x"},"classes":[]}],"_links":{"self":[{"href":"https:\/\/brouwerijhersbach.com\/en\/wp-json\/wp\/v2\/pages\/1011","targetHints":{"allow":["GET"]}}],"collection":[{"href":"https:\/\/brouwerijhersbach.com\/en\/wp-json\/wp\/v2\/pages"}],"about":[{"href":"https:\/\/brouwerijhersbach.com\/en\/wp-json\/wp\/v2\/types\/page"}],"author":[{"embeddable":true,"href":"https:\/\/brouwerijhersbach.com\/en\/wp-json\/wp\/v2\/users\/241837674"}],"replies":[{"embeddable":true,"href":"https:\/\/brouwerijhersbach.com\/en\/wp-json\/wp\/v2\/comments?post=1011"}],"version-history":[{"count":8,"href":"https:\/\/brouwerijhersbach.com\/en\/wp-json\/wp\/v2\/pages\/1011\/revisions"}],"predecessor-version":[{"id":2673,"href":"https:\/\/brouwerijhersbach.com\/en\/wp-json\/wp\/v2\/pages\/1011\/revisions\/2673"}],"wp:attachment":[{"href":"https:\/\/brouwerijhersbach.com\/en\/wp-json\/wp\/v2\/media?parent=1011"}],"curies":[{"name":"wp","href":"https:\/\/api.w.org\/{rel}","templated":true}]}}